{"id":892,"date":"2021-09-29T19:25:59","date_gmt":"2021-09-29T19:25:59","guid":{"rendered":"https:\/\/climmob.net\/blog\/wiki\/?page_id=892"},"modified":"2022-06-13T22:04:24","modified_gmt":"2022-06-13T22:04:24","slug":"a-propos-de-tricot","status":"publish","type":"page","link":"https:\/\/climmob.net\/blog\/wiki\/fr\/a-propos-de-tricot\/","title":{"rendered":"Tricot"},"content":{"rendered":"\n<h2>En savoir plus sur l&#8217;approche Tricot<\/h2>\n\n\n<div class=\"st-accordion-wrap\"><div class=\"st-accordion-title\"><span class=\"plus\">+<\/span><span class=\"minus\">-<\/span><a href=\"#la-science-citoyenne-au-service-des-essais-a-la-ferme\">La science citoyenne au service des essais \u00e0 la ferme<\/a><\/div><div class=\"st-accordion-content\"><\/p>\n<ul>\n<li>Simple : Le format simplifi\u00e9 de l&#8217;essai permet aux cultivateurs de participer facilement ; le logiciel ClimMob, con\u00e7u sur mesure, permet de concevoir facilement le projet, de recueillir les donn\u00e9es et de les analyser.<\/li>\n<li>Cost efficient : Le personnel du projet n&#8217;a pas besoin de superviser \u00e9troitement ou de visiter tous les essais individuels \u00e0 la ferme.<\/li>\n<li>Gain de temps : Les donn\u00e9es peuvent \u00eatre recueillies \u00e0 distance par des appels t\u00e9l\u00e9phoniques.<\/li>\n<li>R\u00e9aliste : les essais ont lieu dans des conditions d&#8217;exploitation r\u00e9elles.<\/li>\n<li>Compr\u00e9hensif : Les producteurs font des observations tout au long du cycle de culture.<\/li>\n<li>Fiable : Des r\u00e9sultats pr\u00e9cis et robustes gr\u00e2ce \u00e0 un nombre \u00e9lev\u00e9 d&#8217;observations.<\/li>\n<li>Efficace : Les cultivateurs en b\u00e9n\u00e9ficient imm\u00e9diatement, car les nouvelles options technologiques sont test\u00e9es et disponibles pour les conditions locales de leur exploitation.<\/li>\n<\/ul>\n<h3>Citizen science for on farm testing<\/h3>\n<p><iframe title=\"YouTube video player\" src=\"https:\/\/www.youtube-nocookie.com\/embed\/uCZ9Hw5hubU\" allowfullscreen=\"allowfullscreen\" width=\"100%\" height=\"425\" frameborder=\"0\"><\/iframe><\/p>\n<h3>Tricot: the technical details<\/h3>\n<p><iframe title=\"YouTube video player\" src=\"https:\/\/www.youtube-nocookie.com\/embed\/SHqXaKKgPWQ\" allowfullscreen=\"allowfullscreen\" width=\"100%\" height=\"425\" frameborder=\"0\"><\/iframe><\/p>\n<h3>Tricot: planning and partnerships<\/h3>\n<p><iframe title=\"YouTube video player\" src=\"https:\/\/www.youtube-nocookie.com\/embed\/GtoxXBwyrUU\" allowfullscreen=\"allowfullscreen\" width=\"100%\" height=\"425\" frameborder=\"0\"><\/iframe><\/p>\n<p><\/div><div class=\"st-accordion-title\"><span class=\"plus\">+<\/span><span class=\"minus\">-<\/span><a href=\"#quest-ce-que-le-tricot\">Qu'est-ce que le tricot?<\/a><\/div><div class=\"st-accordion-content\"><\/p>\n<p>Tricot est une m\u00e9thodologie de recherche qui implique de nombreux cultivateurs en tant que scientifiques citoyens dans l&#8217;essai de technologies agricoles, telles que de nouvelles vari\u00e9t\u00e9s de cultures ou des r\u00e9gimes d&#8217;engrais prometteurs. Tricot est l&#8217;acronyme de &#8220;comparaisons triadiques des options technologiques&#8221;. Les agriculteurs comparent les options technologiques dans des sous-ensembles al\u00e9atoires de trois, ou &#8220;triades&#8221;, et dans des blocs incomplets. Ils recueillent des observations sur le terrain sur leurs propres terres et sous la forme de donn\u00e9es de comparaison simples, classent les options technologiques pour diff\u00e9rents traits d&#8217;int\u00e9r\u00eat. Les observations de tous les cultivateurs sont ensuite regroup\u00e9es pour \u00eatre analys\u00e9es, produisant ainsi un ensemble d&#8217;observations important et significatif. Ce format exp\u00e9rimental simple permet d&#8217;impliquer de nombreux participants et de collecter et communiquer facilement les donn\u00e9es r\u00e9sultantes.<\/p>\n<p><\/div><div class=\"st-accordion-title\"><span class=\"plus\">+<\/span><span class=\"minus\">-<\/span><a href=\"#pourquoi-le-tricot\">Pourquoi le tricot?<\/a><\/div><div class=\"st-accordion-content\"><\/p>\n<p>Le changement climatique affecte gravement les cultivateurs du monde entier. Les s\u00e9cheresses, les inondations, la modification des temp\u00e9ratures et l&#8217;\u00e9volution de la pression exerc\u00e9e par les ravageurs et les maladies r\u00e9duisent le rendement des cultures. Les petits producteurs, en particulier, luttent pour cultiver des aliments et du fourrage nutritifs, s\u00fbrs et suffisants.<\/p>\n<p>Pour adapter l&#8217;agriculture au changement climatique, il est essentiel d&#8217;identifier les technologies les plus appropri\u00e9es pour chaque r\u00e9gion. Il n&#8217;existe pas de r\u00e9ponse universelle. C&#8217;est pourquoi, dans un premier temps, il convient d&#8217;identifier un portefeuille diversifi\u00e9 de technologies pour r\u00e9pondre aux nouveaux d\u00e9fis pos\u00e9s par l&#8217;\u00e9volution des conditions climatiques.<\/p>\n<p>Dans un deuxi\u00e8me temps, il faut veiller \u00e0 ce que ces nouvelles technologies soient accessibles et adopt\u00e9es. Les m\u00e9nages agricoles des zones rurales recul\u00e9es ont souvent le plus grand besoin de vari\u00e9t\u00e9s de cultures am\u00e9lior\u00e9es qui poussent dans leur microclimat local, mais ils sont souvent les derniers \u00e0 b\u00e9n\u00e9ficier de l&#8217;innovation agricole. Alors pourquoi ne pas placer la recherche l\u00e0 o\u00f9 elle est confront\u00e9e \u00e0 des conditions r\u00e9elles, directement sur l&#8217;exploitation ? Et pourquoi ne pas donner aux experts de la culture des plantes au quotidien &#8211; les agriculteurs et les jardiniers &#8211; les moyens d&#8217;innover des technologies en fonction de leurs besoins &#8211; et de les mettre imm\u00e9diatement en pratique ?<br \/>L&#8217;approche tricot est une m\u00e9thodologie pr\u00eate \u00e0 l&#8217;emploi, qui r\u00e9pond aux besoins des chercheurs et des agriculteurs participants. Elle offre un moyen efficace en termes de co\u00fbts et de temps pour tester et diffuser de nouvelles technologies dans des environnements tr\u00e8s variables.<\/p>\n<p><\/div><div class=\"st-accordion-title\"><span class=\"plus\">+<\/span><span class=\"minus\">-<\/span><a href=\"#qui-beneficie-du-tricot\">Qui b\u00e9n\u00e9ficie du tricot ?<\/a><\/div><div class=\"st-accordion-content\"><\/p>\n<p>Les centres de recherche ou les entreprises du secteur priv\u00e9 obtiennent l&#8217;opportunit\u00e9 de valider et de diffuser de nouvelles technologies &#8221; massivement &#8221; et de mani\u00e8re participative, en collaborant avec un grand nombre de cultivateurs dans divers environnements. L&#8217;approche tricot g\u00e9n\u00e8re un grand ensemble de donn\u00e9es \u00e0 partir de nombreux petits essais d\u00e9centralis\u00e9s. Des crit\u00e8res importants pour l&#8217;adoption dans la pratique, qui sont facilement n\u00e9glig\u00e9s dans les essais g\u00e9r\u00e9s par les chercheurs, sont pris en compte par les cultivateurs. On peut donc s&#8217;attendre \u00e0 des taux d&#8217;adoption de technologies plus \u00e9lev\u00e9s et \u00e0 un impact plus fort de la recherche sur l&#8217;agriculture.<\/p>\n<p>Les scientifiques citoyens participants b\u00e9n\u00e9ficient de la d\u00e9couverte de nouvelles technologies adapt\u00e9es \u00e0 leurs conditions environnementales et socio-\u00e9conomiques, et qui ont une forte probabilit\u00e9 d&#8217;am\u00e9liorer leurs rendements. En particulier dans les r\u00e9gions o\u00f9 les conditions environnementales ou les pr\u00e9f\u00e9rences socioculturelles en mati\u00e8re de cultures varient fortement dans le paysage, le tricot peut aider les m\u00e9nages agricoles et les jardiniers \u00e0 identifier la technologie qui r\u00e9pond le mieux \u00e0 leurs besoins.<\/p>\n<p><\/div><\/div>\n\n\n\n<h2>Lisez sur le processus Tricot et sur la fa\u00e7on de fixer les essais<\/h2>\n\n\n<div class=\"st-accordion-wrap\"><\/p>\n<p><div class=\"st-accordion-title\"><span class=\"plus\">+<\/span><span class=\"minus\">-<\/span><a href=\"#le-processus-tricot\">Le processus tricot<\/a><\/div><div class=\"st-accordion-content\"><\/p>\n<p>Le processus tricot met l&#8217;id\u00e9e du tricot en pratique et sur les champs des cultivateurs. La conception du projet et, plus tard, la collecte et l&#8217;analyse des donn\u00e9es sont soutenues par le logiciel en ligne ClimMob, con\u00e7u sur mesure. Un projet tricot peut durer une seule saison de culture, ou \u00eatre it\u00e9r\u00e9 sur plusieurs saisons. Nous avons r\u00e9sum\u00e9 ci-dessous les dix \u00e9tapes d&#8217;un projet de tricot. Pour de plus amples informations et des exemples concrets, veuillez vous r\u00e9f\u00e9rer au guide m\u00e9thodologique Steinke 2016.<\/p>\n<p>1. <strong>Pr\u00e9paration du projet.<\/strong> Avant le d\u00e9but des essais, les diff\u00e9rentes options technologiques qui seront test\u00e9es doivent \u00eatre disponibles en quantit\u00e9 suffisante. Par exemple, si des vari\u00e9t\u00e9s de haricots doivent \u00eatre test\u00e9es, les graines de haricots doivent \u00eatre multipli\u00e9es pour \u00eatre remises aux producteurs participants. Si des r\u00e9gimes d&#8217;engrais doivent \u00eatre test\u00e9s, il faut avoir suffisamment d&#8217;engrais en stock.<\/p>\n<p>2. <strong>Concevoir le projet.<\/strong> \u00c0 l&#8217;aide du logiciel gratuit en ligne ClimMob, le r\u00e9alisateur du projet cr\u00e9e un court profil du projet, ajoute les options technologiques \u00e0 tester, enregistre les noms des agents de terrain, d\u00e9finit les caract\u00e9ristiques des plantes \u00e0 \u00e9valuer et pr\u00e9pare l&#8217;inscription des cultivateurs. Pour des instructions d\u00e9taill\u00e9es, \u00e9tape par \u00e9tape, sur la fa\u00e7on d&#8217;utiliser ClimMob, voir ce manuel.<\/p>\n<p>3. <strong>Recruter des cultivateurs.<\/strong> L&#8217;ex\u00e9cutant et les agents de terrain vont \u00e0 la rencontre d&#8217;agriculteurs et de jardiniers d\u00e9vou\u00e9s qui souhaitent am\u00e9liorer leur agriculture en apprenant \u00e0 conna\u00eetre les nouvelles technologies, comme les nouvelles vari\u00e9t\u00e9s de cultures ou les r\u00e9gimes d&#8217;engrais. Inviter les cultivateurs \u00e0 une foire ou \u00e0 un atelier informatif sont de bons moyens de trouver des participants. Les cultivateurs, hommes et femmes, doivent \u00eatre encourag\u00e9s \u00e0 participer.<\/p>\n<p>4. <strong>Pr\u00e9parer les paquets de test.<\/strong> ClimMob calcule une liste al\u00e9atoire et facile \u00e0 suivre de diff\u00e9rentes triades (&#8220;ensembles de trois&#8221;), pour chaque projet de tricot. Trois options technologiques (par exemple, trois vari\u00e9t\u00e9s de haricots diff\u00e9rentes) constituent un paquet d&#8217;essais. En fonction du nombre de producteurs participants, un nombre correspondant de kits d&#8217;essai doit \u00eatre pr\u00e9par\u00e9. Les agents de terrain distribuent ensuite les kits d&#8217;essai aux cultivateurs lors d&#8217;un premier atelier. Au cours de cet atelier, les producteurs d\u00e9couvrent le processus de tricotage et peuvent poser des questions.<\/p>\n<p>5. <strong>D\u00e9marrer les essais \u00e0 la ferme.<\/strong> Chaque cultivateur cultive maintenant ses trois options technologiques sur trois petites parcelles de son terrain, en traitant par ailleurs ces parcelles d&#8217;essai exactement comme il traiterait ses parcelles principales. Chaque cultivateur est responsable de ses propres parcelles. Les cultivateurs ne connaissent pas les noms de leurs trois options technologiques (de cette fa\u00e7on, ils ne sont pas influenc\u00e9s), mais les connaissent seulement comme &#8220;A&#8221;, &#8220;B&#8221; et &#8220;C&#8221;.<\/p>\n<p>6. <strong>Les cultivateurs notent leurs observations.<\/strong> Pendant la p\u00e9riode de culture, les cultivateurs observent les parcelles d&#8217;essai et notent leurs observations au stylo sur les cartes d&#8217;observation. Ce qu&#8217;il faut observer, et quand il faut l&#8217;observer, a \u00e9t\u00e9 d\u00e9fini \u00e0 l&#8217;\u00e9tape 2 \u00e0 l&#8217;aide du logiciel ClimMob.<\/p>\n<p>7. <strong>Les agents de terrain collectent les donn\u00e9es.<\/strong> Une fois que la saison de culture est termin\u00e9e, et que toutes les questions sur les cartes d&#8217;observation ont \u00e9t\u00e9 remplies, les agents de terrain collectent toutes les donn\u00e9es. Cela peut se faire en rendant visite aux cultivateurs et en collectant leurs cartes d&#8217;observation, ou par appel t\u00e9l\u00e9phonique.<\/p>\n<p>8. <strong>Les donn\u00e9es sont compil\u00e9es et analys\u00e9es.<\/strong> Les agents de terrain t\u00e9l\u00e9chargent toutes les donn\u00e9es sur ClimMob, en utilisant l&#8217;application gratuite pour smartphone Android ODK Collect. Une fois toutes les donn\u00e9es t\u00e9l\u00e9charg\u00e9es dans ClimMob, ce dernier les analyse et pr\u00e9pare automatiquement des fiches de r\u00e9sultats &#8211; des r\u00e9sultats globaux de l&#8217;ensemble du projet tricot, ainsi qu&#8217;une fiche de r\u00e9sultats individuelle pour chaque cultivateur ayant particip\u00e9.<\/p>\n<p>9. <strong>Communiquer les r\u00e9sultats.<\/strong> Les agents de terrain communiquent les r\u00e9sultats du projet tricot aux cultivateurs. Pendant l&#8217;essai, les cultivateurs ne connaissaient pas les noms de leurs options technologiques. Au lieu de cela, chaque cultivateur ne connaissait que ses trois options technologiques comme &#8221; A &#8220;, &#8221; B &#8221; et &#8221; C &#8220;, afin d&#8217;\u00e9viter les \u00e9valuations biais\u00e9es. Lors de la restitution des r\u00e9sultats, les producteurs apprennent les noms des trois vari\u00e9t\u00e9s de cultures ou la composition des r\u00e9gimes d&#8217;engrais, etc. qu&#8217;ils ont test\u00e9s. Les cultivateurs peuvent maintenant utiliser ces informations de mani\u00e8re ind\u00e9pendante pour am\u00e9liorer leurs pratiques culturales.<\/p>\n<p>10. <strong>Processus r\u00e9p\u00e9titif.<\/strong>L&#8217;acquisition de connaissances par le tricot peut \u00eatre un processus it\u00e9ratif. De multiples projets de tricot peuvent conduire \u00e0 des ensembles de donn\u00e9es plus grands et plus puissants. Les cultivateurs et les agents de terrain qui participent plusieurs fois ont besoin d&#8217;encore moins de formation les ann\u00e9es suivantes. Le premier projet de tricot en ligne peut \u00e9galement informer les projets de tricot suivants. Par exemple, au cours du premier cycle, un plus grand nombre de vari\u00e9t\u00e9s de haricots peut \u00eatre test\u00e9, au cours du second cycle, les vari\u00e9t\u00e9s de haricots test\u00e9es peuvent \u00eatre r\u00e9duites aux plus prometteuses.<\/p>\n<p><\/div><div class=\"st-accordion-title\"><span class=\"plus\">+<\/span><span class=\"minus\">-<\/span><a href=\"#case-study-honduras\">Case study: Honduras<\/a><\/div><div class=\"st-accordion-content\"><\/p>\n<h3 class=\"title style-scope ytd-video-primary-info-renderer\">1 &#8211; Improve your farming with tricot: Triadic comparisons of technologies<\/h3>\n<p><iframe title=\"1 - Improve your farming with tricot: Triadic comparisons of technologies\" width=\"980\" height=\"551\" src=\"https:\/\/www.youtube.com\/embed\/Fk3Le-iG8Fc?start=2&#038;feature=oembed\" frameborder=\"0\" allow=\"accelerometer; autoplay; clipboard-write; encrypted-media; gyroscope; picture-in-picture\" allowfullscreen><\/iframe><\/p>\n<h3>2 &#8211; Making observations in tricot trials<\/h3>\n<p><iframe title=\"2 - The observations in tricot trials\" width=\"980\" height=\"551\" src=\"https:\/\/www.youtube.com\/embed\/ia-t9MkLpu8?feature=oembed\" frameborder=\"0\" allow=\"accelerometer; autoplay; clipboard-write; encrypted-media; gyroscope; picture-in-picture\" allowfullscreen><\/iframe><\/p>\n<h3>3 &#8211; The initial workshops in a tricot project<\/h3>\n<p><iframe title=\"3 - The initial workshops in a tricot project\" width=\"980\" height=\"551\" src=\"https:\/\/www.youtube.com\/embed\/zgNvhHT354c?feature=oembed\" frameborder=\"0\" allow=\"accelerometer; autoplay; clipboard-write; encrypted-media; gyroscope; picture-in-picture\" allowfullscreen><\/iframe><\/p>\n<h3>4 &#8211; With the final workshops, the tricot research cycle ends<\/h3>\n<p><iframe title=\"4 - With the final workshops, the tricot research cycle ends\" width=\"980\" height=\"551\" src=\"https:\/\/www.youtube.com\/embed\/cDXj4Ptzey4?feature=oembed\" frameborder=\"0\" allow=\"accelerometer; autoplay; clipboard-write; encrypted-media; gyroscope; picture-in-picture\" allowfullscreen><\/iframe><\/p>\n<p><\/div><\/div>\n\n\n\n<a href=\"https:\/\/climmob.net\/blog\/wiki\/fr\/category\/tricot_fr\/\"><h2 class=\"carpeta\">Acc\u00e9der aux termes cl\u00e9s et aux d\u00e9finitions<\/h2><\/a>\n","protected":false},"excerpt":{"rendered":"<p>En savoir plus sur l&#8217;approche Tricot Lisez sur le processus Tricot et sur la fa\u00e7on de fixer les essais Acc\u00e9der aux termes cl\u00e9s et aux d\u00e9finitions<\/p>\n","protected":false},"author":1,"featured_media":0,"parent":0,"menu_order":0,"comment_status":"closed","ping_status":"closed","template":"","meta":{"footnotes":""},"class_list":["post-892","page","type-page","status-publish","hentry"],"_links":{"self":[{"href":"https:\/\/climmob.net\/blog\/wiki\/wp-json\/wp\/v2\/pages\/892","targetHints":{"allow":["GET"]}}],"collection":[{"href":"https:\/\/climmob.net\/blog\/wiki\/wp-json\/wp\/v2\/pages"}],"about":[{"href":"https:\/\/climmob.net\/blog\/wiki\/wp-json\/wp\/v2\/types\/page"}],"author":[{"embeddable":true,"href":"https:\/\/climmob.net\/blog\/wiki\/wp-json\/wp\/v2\/users\/1"}],"replies":[{"embeddable":true,"href":"https:\/\/climmob.net\/blog\/wiki\/wp-json\/wp\/v2\/comments?post=892"}],"version-history":[{"count":4,"href":"https:\/\/climmob.net\/blog\/wiki\/wp-json\/wp\/v2\/pages\/892\/revisions"}],"predecessor-version":[{"id":1361,"href":"https:\/\/climmob.net\/blog\/wiki\/wp-json\/wp\/v2\/pages\/892\/revisions\/1361"}],"wp:attachment":[{"href":"https:\/\/climmob.net\/blog\/wiki\/wp-json\/wp\/v2\/media?parent=892"}],"curies":[{"name":"wp","href":"https:\/\/api.w.org\/{rel}","templated":true}]}}