{"id":884,"date":"2021-09-29T19:16:08","date_gmt":"2021-09-29T19:16:08","guid":{"rendered":"https:\/\/climmob.net\/blog\/wiki\/?page_id=884"},"modified":"2021-09-29T19:16:08","modified_gmt":"2021-09-29T19:16:08","slug":"videos-3","status":"publish","type":"page","link":"https:\/\/climmob.net\/blog\/wiki\/fr\/videos-3\/","title":{"rendered":"Vid\u00e9os"},"content":{"rendered":"<h1>La m\u00e9thodologie de science citoyenne du tricot : Quatre courtes vid\u00e9os du Honduras<\/h1>\n<h3 class=\"title style-scope ytd-video-primary-info-renderer\">1 &#8211; Am\u00e9liorez votre agriculture avec le tricot : Comparaisons triadiques de technologies<\/h3>\n<p><iframe width=\"980\" height=\"551\" src=\"https:\/\/www.youtube.com\/embed\/Fk3Le-iG8Fc?start=2&#038;feature=oembed\" frameborder=\"0\" allow=\"accelerometer; autoplay; clipboard-write; encrypted-media; gyroscope; picture-in-picture\" allowfullscreen><\/iframe><\/p>\n<h3>2 &#8211; Faire des observations dans les essais de tricot<\/h3>\n<p><iframe width=\"980\" height=\"551\" src=\"https:\/\/www.youtube.com\/embed\/ia-t9MkLpu8?feature=oembed\" frameborder=\"0\" allow=\"accelerometer; autoplay; clipboard-write; encrypted-media; gyroscope; picture-in-picture\" allowfullscreen><\/iframe><\/p>\n<h3>3 &#8211; Les premiers ateliers d&#8217;un projet tricot<\/h3>\n<p><iframe width=\"980\" height=\"551\" src=\"https:\/\/www.youtube.com\/embed\/zgNvhHT354c?feature=oembed\" frameborder=\"0\" allow=\"accelerometer; autoplay; clipboard-write; encrypted-media; gyroscope; picture-in-picture\" allowfullscreen><\/iframe><\/p>\n<h3>4 &#8211; Avec les ateliers finaux, le cycle de recherche sur les tricots se termine<\/h3>\n<p>.<br \/>\n<iframe width=\"980\" height=\"551\" src=\"https:\/\/www.youtube.com\/embed\/cDXj4Ptzey4?feature=oembed\" frameborder=\"0\" allow=\"accelerometer; autoplay; clipboard-write; encrypted-media; gyroscope; picture-in-picture\" allowfullscreen><\/iframe><\/p>\n","protected":false},"excerpt":{"rendered":"<p>La m\u00e9thodologie de science citoyenne du tricot : Quatre courtes vid\u00e9os du Honduras 1 &#8211; Am\u00e9liorez votre agriculture avec le tricot : Comparaisons triadiques de technologies 2 &#8211; Faire des observations dans les essais de tricot 3 &#8211; Les premiers ateliers d&#8217;un projet tricot 4 &#8211; Avec les ateliers finaux, le cycle de recherche sur [&hellip;]<\/p>\n","protected":false},"author":1,"featured_media":0,"parent":0,"menu_order":0,"comment_status":"closed","ping_status":"closed","template":"","meta":{"footnotes":""},"class_list":["post-884","page","type-page","status-publish","hentry"],"_links":{"self":[{"href":"https:\/\/climmob.net\/blog\/wiki\/wp-json\/wp\/v2\/pages\/884","targetHints":{"allow":["GET"]}}],"collection":[{"href":"https:\/\/climmob.net\/blog\/wiki\/wp-json\/wp\/v2\/pages"}],"about":[{"href":"https:\/\/climmob.net\/blog\/wiki\/wp-json\/wp\/v2\/types\/page"}],"author":[{"embeddable":true,"href":"https:\/\/climmob.net\/blog\/wiki\/wp-json\/wp\/v2\/users\/1"}],"replies":[{"embeddable":true,"href":"https:\/\/climmob.net\/blog\/wiki\/wp-json\/wp\/v2\/comments?post=884"}],"version-history":[{"count":1,"href":"https:\/\/climmob.net\/blog\/wiki\/wp-json\/wp\/v2\/pages\/884\/revisions"}],"predecessor-version":[{"id":885,"href":"https:\/\/climmob.net\/blog\/wiki\/wp-json\/wp\/v2\/pages\/884\/revisions\/885"}],"wp:attachment":[{"href":"https:\/\/climmob.net\/blog\/wiki\/wp-json\/wp\/v2\/media?parent=884"}],"curies":[{"name":"wp","href":"https:\/\/api.w.org\/{rel}","templated":true}]}}