{"id":875,"date":"2021-09-29T18:41:08","date_gmt":"2021-09-29T18:41:08","guid":{"rendered":"https:\/\/climmob.net\/blog\/wiki\/?page_id=875"},"modified":"2022-06-13T21:50:46","modified_gmt":"2022-06-13T21:50:46","slug":"climmob-2","status":"publish","type":"page","link":"https:\/\/climmob.net\/blog\/wiki\/fr\/climmob-2\/","title":{"rendered":"ClimMob"},"content":{"rendered":"\n<h2>En savoir plus sur le logiciel ClimMob<\/h2>\n\n\n<div class=\"st-accordion-wrap\"><\/p>\n<p><div class=\"st-accordion-title\"><span class=\"plus\">+<\/span><span class=\"minus\">-<\/span><a href=\"#quest-ce-que-climmob\">Qu'est-ce que ClimMob?<\/a><\/div><div class=\"st-accordion-content\"><\/p>\n<p>ClimMob est un logiciel libre et une plateforme en ligne pour la conception et la gestion de projets d&#8217;exp\u00e9rimentation participative, selon l&#8217;approche <a href=\"https:\/\/climmob.net\/blog\/wiki\/fr\/a-propos-de-tricot\/\">tricot<\/a>. ClimMob vous guide \u00e0 travers votre propre projet de tricot. Il prend en charge la gestion des donn\u00e9es et les statistiques.<\/p>\n<p>La version actuelle de ClimMob est la version 3. [<a href=\"https:\/\/climmob.net\/climmob3\/\">https:\/\/climmob.net\/climmob3\/<\/a>].<\/p>\n<p>Les donn\u00e9es de tricots sont t\u00e9l\u00e9charg\u00e9es dans ClimMob via l&#8217;application Android ODK Collect. Vous avez besoin d&#8217;un appareil Android (smartphone ou tablette) pour utiliser cette application. [<a href=\"https:\/\/play.google.com\/store\/apps\/details?id=org.odk.collect.android&amp;hl=en\">https:\/\/play.google.com\/store\/apps\/details?id=org.odk.collect.android&amp;hl=en<\/a>].<\/p>\n<p>L&#8217;analyse des donn\u00e9es de classement des tricots dans ClimMob repose sur le paquet R personnalis\u00e9 ClimMobTools. Si vous \u00eates familier avec R, vous pouvez utiliser ce paquet pour effectuer des analyses suppl\u00e9mentaires. [<a href=\"https:\/\/cran.r-project.org\/web\/packages\/ClimMobTools\/index.html\">https:\/\/cran.r-project.org\/web\/packages\/ClimMobTools\/index.html<\/a>]<\/p>\n<p><\/div><div class=\"st-accordion-title\"><span class=\"plus\">+<\/span><span class=\"minus\">-<\/span><a href=\"#pourquoi-climmob\">Pourquoi ClimMob?<\/a><\/div><div class=\"st-accordion-content\"><\/p>\n<p>Les tests participatifs sont complexes. Ils impliquent de nombreuses personnes (metteurs en \u0153uvre, agents de terrain et cultivateurs), ils sont r\u00e9partis sur plusieurs r\u00e9gions et pays, et ils donnent lieu \u00e0 de grandes quantit\u00e9s de donn\u00e9es. Pour faciliter un flux de travail simple, ClimMob a \u00e9t\u00e9 con\u00e7u sur mesure pour garantir que chaque projet de tricot soit facile \u00e0 g\u00e9rer et r\u00e9ussi. Le logiciel ClimMob aide \u00e0 la conception du projet, se charge de calculer toutes les combinaisons de paquets de tests n\u00e9cessaires, et compile, stocke et analyse toutes les donn\u00e9es.<\/p>\n<p><\/div><div class=\"st-accordion-title\"><span class=\"plus\">+<\/span><span class=\"minus\">-<\/span><a href=\"#qui-beneficie-de-climmob\">Qui b\u00e9n\u00e9ficie de ClimMob?<\/a><\/div><div class=\"st-accordion-content\"><\/p>\n<p>ClimMob rend le processus de tricotage simple. Il permet \u00e0 de nombreuses organisations de mettre en \u0153uvre un projet, de mani\u00e8re efficace et \u00e9conome en ressources.<\/p>\n<p>En tant que <strong>impl\u00e9menteur<\/strong> (chef de projet), vous b\u00e9n\u00e9ficiez de ClimMob car il vous guide dans la conception du projet et la coordination des agents de terrain et des lots d&#8217;essais. Par la suite, vous pouvez facilement analyser les donn\u00e9es obtenues en interpr\u00e9tant un rapport attrayant, g\u00e9n\u00e9r\u00e9 automatiquement.<\/p>\n<p>En tant que <strong>tester<\/strong> (cultivateur ou autre), vous b\u00e9n\u00e9ficiez du fait que vous recevrez le r\u00e9sultat des essais peu de temps apr\u00e8s que les donn\u00e9es aient \u00e9t\u00e9 soumises. Cela vous permettra de prendre connaissance des r\u00e9sultats des autres testeurs et de d\u00e9cider en toute connaissance de cause d&#8217;adopter toute nouvelle option technologique qui a \u00e9t\u00e9 test\u00e9e.<\/p>\n<p>En tant que <strong>agent de terrain<\/strong>, vous b\u00e9n\u00e9ficiez de l&#8217;utilisation de ClimMob car il simplifie l&#8217;inscription des testeurs participants. Par la suite, la collecte des donn\u00e9es de terrain aupr\u00e8s des testeurs est simplifi\u00e9e par l&#8217;utilisation de l&#8217;application pour smartphone ODK Collect, renvoyant les donn\u00e9es \u00e0 ClimMob de mani\u00e8re rapide et s\u00fbre.<\/p>\n<p><\/div><div class=\"st-accordion-title\"><span class=\"plus\">+<\/span><span class=\"minus\">-<\/span><a href=\"#etapes\">\u00e9tapes<\/a><\/div><div class=\"st-accordion-content\"><\/p>\n<p>Le logiciel ClimMob accompagne un projet de tricot du d\u00e9but \u00e0 la fin. Le processus d&#8217;utilisation de ClimMob pour concevoir, g\u00e9rer et analyser un projet de tricot peut \u00eatre d\u00e9compos\u00e9 en neuf \u00e9tapes. Vous trouverez ci-dessous un aper\u00e7u de ces \u00e9tapes et de la mani\u00e8re dont elles s&#8217;int\u00e8grent dans un projet de tricot.<\/p>\n<p>Au d\u00e9but du projet, ClimMob vous aide \u00e0 concevoir votre projet de tricot.<\/p>\n<ol>\n<li style=\"list-style-type: none;\">\n<ol>\n<li>Se connecter ou cr\u00e9er un compte gratuitement sur ClimMob<\/li>\n<li>Cr\u00e9er un projet de tricot\n<ul>\n<li>Naviguer dans le menu principal<\/li>\n<li>Cr\u00e9er un projet tricot<\/li>\n<li>D\u00e9finition du projet<\/li>\n<\/ul>\n<\/li>\n<li>Affecter des agents de terrain<\/li>\n<li>S\u00e9lectionner les options technologiques<\/li>\n<li>Pr\u00e9parer l&#8217;inscription du cultivateur<\/li>\n<li>Pr\u00e9parer les cartes d&#8217;observation<\/li>\n<li>Ouvrir l&#8217;inscription du cultivateur (+ g\u00e9n\u00e9rer les paquets de test)<\/li>\n<\/ol>\n<\/li>\n<\/ol>\n<p>Une fois que vous avez d\u00e9fini votre projet, ClimMob calculera une liste al\u00e9atoire de diff\u00e9rentes combinaisons de vos options technologiques. Par exemple, si vous avez d\u00e9fini que 300 producteurs participeront \u00e0 l&#8217;essai de nouvelles vari\u00e9t\u00e9s de haricots, ClimMob calculera 300 paquets d&#8217;essai. Chacun des 300 paquets aura un sous-ensemble al\u00e9atoire de trois vari\u00e9t\u00e9s de haricots chacun. Apr\u00e8s cette liste, le responsable de la mise en \u0153uvre doit maintenant pr\u00e9parer les paquets de test qui seront distribu\u00e9s aux cultivateurs participants. Les tests \u00e0 la ferme sont pr\u00eats \u00e0 commencer !<\/p>\n<p>Une fois que la saison de culture est termin\u00e9e, et que les cultivateurs ont fini de recueillir toutes leurs observations :<\/p>\n<p style=\"padding-left: 30px;\">8. Collecter les donn\u00e9es avec l&#8217;application <a href=\"https:\/\/play.google.com\/store\/apps\/details?id=org.odk.collect.android&amp;hl=en_US\">ODK Collect app<\/a><br \/>9. Analyser les donn\u00e9es<\/p>\n<p>Veuillez vous r\u00e9f\u00e9rer au <a href=\"https:\/\/climmob.net\/blog\/wiki\/software-manual\/\">manuel de ClimMob<\/a>, pour des conseils pratiques sur la fa\u00e7on de cliquer votre chemin \u00e0 travers chaque \u00e9tape.<\/p>\n<p><\/div><\/div>\n\n\n\n<a href=\"https:\/\/climmob.net\/blog\/wiki\/fr\/category\/glossaire\/\"><h2 class=\"carpeta\">Acc\u00e9der aux termes cl\u00e9s et aux d\u00e9finitions<\/h2><\/a>\n\n<a href=\"https:\/\/climmob.net\/blog\/wiki\/fr\/category\/manuel-fr\/\"><h2 class=\"carpeta\">Apprenez \u00e0 concevoir un projet avec ClimMob<\/h2><\/a>\n","protected":false},"excerpt":{"rendered":"<p>En savoir plus sur le logiciel ClimMob Acc\u00e9der aux termes cl\u00e9s et aux d\u00e9finitions Apprenez \u00e0 concevoir un projet avec ClimMob<\/p>\n","protected":false},"author":1,"featured_media":0,"parent":0,"menu_order":0,"comment_status":"closed","ping_status":"closed","template":"","meta":{"footnotes":""},"class_list":["post-875","page","type-page","status-publish","hentry"],"_links":{"self":[{"href":"https:\/\/climmob.net\/blog\/wiki\/wp-json\/wp\/v2\/pages\/875","targetHints":{"allow":["GET"]}}],"collection":[{"href":"https:\/\/climmob.net\/blog\/wiki\/wp-json\/wp\/v2\/pages"}],"about":[{"href":"https:\/\/climmob.net\/blog\/wiki\/wp-json\/wp\/v2\/types\/page"}],"author":[{"embeddable":true,"href":"https:\/\/climmob.net\/blog\/wiki\/wp-json\/wp\/v2\/users\/1"}],"replies":[{"embeddable":true,"href":"https:\/\/climmob.net\/blog\/wiki\/wp-json\/wp\/v2\/comments?post=875"}],"version-history":[{"count":7,"href":"https:\/\/climmob.net\/blog\/wiki\/wp-json\/wp\/v2\/pages\/875\/revisions"}],"predecessor-version":[{"id":1356,"href":"https:\/\/climmob.net\/blog\/wiki\/wp-json\/wp\/v2\/pages\/875\/revisions\/1356"}],"wp:attachment":[{"href":"https:\/\/climmob.net\/blog\/wiki\/wp-json\/wp\/v2\/media?parent=875"}],"curies":[{"name":"wp","href":"https:\/\/api.w.org\/{rel}","templated":true}]}}