{"id":747,"date":"2021-09-28T02:39:51","date_gmt":"2021-09-28T02:39:51","guid":{"rendered":"https:\/\/climmob.net\/blog\/wiki\/?page_id=747"},"modified":"2022-06-13T20:34:57","modified_gmt":"2022-06-13T20:34:57","slug":"sobre-tricot","status":"publish","type":"page","link":"https:\/\/climmob.net\/blog\/wiki\/es\/sobre-tricot\/","title":{"rendered":"Tricot"},"content":{"rendered":"\n<h2>Conozca el enfoque Tricot<\/h2>\n\n\n<div class=\"st-accordion-wrap\"><div class=\"st-accordion-title\"><span class=\"plus\">+<\/span><span class=\"minus\">-<\/span><a href=\"#ciencia-ciudadana-para-las-pruebas-en-fincas\">Ciencia ciudadana para las pruebas en fincas<\/a><\/div><div class=\"st-accordion-content\"><\/p>\n<ul>\n<li>Simple: El formato simplificado de los ensayos permite a los cultivadores participar f\u00e1cilmente; el software ClimMob, creado a medida, facilita el dise\u00f1o del proyecto, la recogida y el an\u00e1lisis de datos.<\/li>\n<li>Costes eficientes: El personal del proyecto no necesita supervisar de cerca o visitar todos los ensayos individuales en la granja.<\/li>\n<li>Ahorro de tiempo: Los datos pueden recogerse a distancia mediante llamadas telef\u00f3nicas.<\/li>\n<li>Realista: los ensayos tienen lugar en condiciones agr\u00edcolas reales.<\/li>\n<li>Completo: Los cultivadores realizan observaciones a lo largo de todo el ciclo de cultivo.<\/li>\n<li>Fiable: Resultados precisos y robustos gracias al elevado n\u00famero de observaciones.<\/li>\n<li>Eficaz: Los cultivadores se benefician inmediatamente, ya que las nuevas opciones tecnol\u00f3gicas est\u00e1n probadas y disponibles para las condiciones locales de sus explotaciones.<\/li>\n<\/ul>\n<h3>Ciencia ciudadana para las pruebas en fincas<\/h3>\n<p><iframe title=\"YouTube video player\" src=\"https:\/\/www.youtube-nocookie.com\/embed\/uCZ9Hw5hubU\" width=\"100%\" height=\"425\" frameborder=\"0\" allowfullscreen=\"allowfullscreen\"><\/iframe><\/p>\n<h3>Tricot: Detalles t\u00e9cnicos<\/h3>\n<p><iframe title=\"YouTube video player\" src=\"https:\/\/www.youtube-nocookie.com\/embed\/SHqXaKKgPWQ\" width=\"100%\" height=\"425\" frameborder=\"0\" allowfullscreen=\"allowfullscreen\"><\/iframe><\/p>\n<h3>Tricot: Planificaci\u00f3n y asociaciones<\/h3>\n<p><iframe title=\"YouTube video player\" src=\"https:\/\/www.youtube-nocookie.com\/embed\/GtoxXBwyrUU\" width=\"100%\" height=\"425\" frameborder=\"0\" allowfullscreen=\"allowfullscreen\"><\/iframe><\/p>\n<p><\/div><div class=\"st-accordion-title\"><span class=\"plus\">+<\/span><span class=\"minus\">-<\/span><a href=\"#que-es-el-tricot\">\u00bfQu\u00e9 es el tricot?<\/a><\/div><div class=\"st-accordion-content\"><\/p>\n<p>Tricot es una metodolog\u00eda de investigaci\u00f3n que involucra a muchos agricultores como ciudadanos cient\u00edficos en la prueba de tecnolog\u00edas agr\u00edcolas, como nuevas variedades de cultivos o reg\u00edmenes de fertilizantes prometedores. Tricot significa &#8220;comparaciones tri\u00e1dicas de opciones tecnol\u00f3gicas&#8221;. Los agricultores comparan las opciones tecnol\u00f3gicas en subconjuntos aleatorios de tres, o &#8220;tr\u00edadas&#8221;, y en bloques incompletos. Recogen observaciones de campo en sus propias tierras y, en forma de datos de comparaci\u00f3n simples, clasifican las opciones tecnol\u00f3gicas para diferentes rasgos de inter\u00e9s. Las observaciones de todos los cultivadores se agregan luego para su an\u00e1lisis, produciendo un conjunto amplio y significativo de observaciones. Este sencillo formato experimental permite involucrar a muchos participantes y recoger y comunicar f\u00e1cilmente los datos resultantes.<\/p>\n<p><\/div><div class=\"st-accordion-title\"><span class=\"plus\">+<\/span><span class=\"minus\">-<\/span><a href=\"#por-que-el-tricot\">\u00bfPor qu\u00e9 el tricot?<\/a><\/div><div class=\"st-accordion-content\"><\/p>\n<p>El cambio clim\u00e1tico afecta gravemente a los productores de todo el mundo. Las sequ\u00edas, las inundaciones, las alteraciones de las temperaturas y los cambios en la presi\u00f3n de las plagas y las enfermedades reducen el rendimiento de los cultivos. Sobre todo los peque\u00f1os productores luchan por cultivar alimentos y forrajes nutritivos, seguros y suficientes.<br \/>Para adaptar la agricultura al cambio clim\u00e1tico, es crucial identificar las tecnolog\u00edas m\u00e1s adecuadas para cada regi\u00f3n. No hay una respuesta \u00fanica para todos. Por eso, en primer lugar, hay que identificar una cartera diversificada de tecnolog\u00edas para responder a los nuevos retos que plantean las condiciones clim\u00e1ticas cambiantes.<\/p>\n<p>En un segundo paso, hay que garantizar que estas nuevas tecnolog\u00edas puedan ser accedidas y adoptadas. Los hogares agr\u00edcolas de las zonas rurales remotas suelen ser los que m\u00e1s necesitan variedades de cultivo mejoradas que crezcan en su microclima local, pero a menudo son los \u00faltimos en beneficiarse de la innovaci\u00f3n agr\u00edcola. Entonces, \u00bfpor qu\u00e9 no situar la investigaci\u00f3n donde se enfrenta a las condiciones de la vida real, directamente en la granja? \u00bfY por qu\u00e9 no facultar a los expertos en el cultivo cotidiano de plantas -agricultores y jardineros- para que innoven las tecnolog\u00edas seg\u00fan sus necesidades y las pongan en pr\u00e1ctica de inmediato?<\/p>\n<p>El enfoque tricot es una metodolog\u00eda preparada, que satisface las necesidades tanto de los investigadores como de los cultivadores participantes. Ofrece una forma de probar y difundir nuevas tecnolog\u00edas en entornos muy variables, con un coste y un plazo de tiempo eficientes.<\/p>\n<p><\/div><div class=\"st-accordion-title\"><span class=\"plus\">+<\/span><span class=\"minus\">-<\/span><a href=\"#quien-se-beneficia-del-tricot\">\u00bfQui\u00e9n se beneficia del tricot?<\/a><\/div><div class=\"st-accordion-content\"><\/p>\n<p>Los centros de investigaci\u00f3n o las empresas del sector privado obtienen la oportunidad de validar y difundir nuevas tecnolog\u00edas de forma &#8216;masiva&#8217; y participativa, colaborando con un gran n\u00famero de productores en diversos entornos. El enfoque tricot genera un gran conjunto de datos a partir de muchos ensayos peque\u00f1os y descentralizados. Los criterios importantes para la adopci\u00f3n en la pr\u00e1ctica, que f\u00e1cilmente se pasan por alto en los ensayos gestionados por los investigadores, son tenidos en cuenta por los cultivadores. Por lo tanto, se pueden esperar mayores tasas de adopci\u00f3n de la tecnolog\u00eda y un mayor impacto de la investigaci\u00f3n en la agricultura.<\/p>\n<p>Los ciudadanos cient\u00edficos participantes se benefician del descubrimiento de nuevas tecnolog\u00edas que se adaptan a sus condiciones ambientales y socioecon\u00f3micas, y que tienen una alta probabilidad de mejorar sus rendimientos. Especialmente en las regiones en las que las condiciones ambientales o las preferencias socioculturales a los cultivos var\u00edan mucho en el paisaje, el tricot puede ayudar a los hogares agr\u00edcolas y a los jardineros a identificar la tecnolog\u00eda que mejor satisface sus necesidades.<\/p>\n<p><\/div><\/div>\n\n\n\n<h2>Lea sobre el proceso de Tricot y como establecer un ensayo<\/h2>\n\n\n<div class=\"st-accordion-wrap\"><\/p>\n<p><div class=\"st-accordion-title\"><span class=\"plus\">+<\/span><span class=\"minus\">-<\/span><a href=\"#el-proceso-tricot\">El proceso Tricot<\/a><\/div><div class=\"st-accordion-content\"><\/p>\n<p>El proceso tricot lleva la idea de tricot a la pr\u00e1ctica y a los campos de los agricultores. El dise\u00f1o del proyecto y la posterior recopilaci\u00f3n y an\u00e1lisis de datos se apoyan en el software online ClimMob, creado a medida. Un proyecto de tricot puede durar una sola temporada de cultivo o repetirse a lo largo de varias temporadas. A continuaci\u00f3n resumimos los diez pasos de un proyecto tricot. Para m\u00e1s informaci\u00f3n y ejemplos pr\u00e1cticos, consulte la gu\u00eda metodol\u00f3gica Steinke 2016.<\/p>\n<p>1. <strong>Preparar el proyecto.<\/strong> Antes de comenzar los ensayos, las diferentes opciones tecnol\u00f3gicas que se van a probar deben estar disponibles en cantidades suficientes. Por ejemplo, si se van a probar variedades de frijol, es necesario multiplicar las semillas de frijol para entregarlas a los productores participantes. Si se van a ensayar reg\u00edmenes de fertilizaci\u00f3n, es necesario disponer de suficientes existencias de fertilizantes.<\/p>\n<p>2. <strong>Dise\u00f1ar el proyecto.<\/strong> Utilizando el software gratuito en l\u00ednea ClimMob, el ejecutor del proyecto crea un breve perfil del proyecto, a\u00f1ade las opciones tecnol\u00f3gicas a ensayar, registra los nombres de los agentes de campo, define qu\u00e9 caracter\u00edsticas de las plantas deben ser evaluadas y prepara el registro de los cultivadores. Para obtener instrucciones detalladas, paso a paso, sobre c\u00f3mo utilizar ClimMob, consulte este manual.<\/p>\n<p>3. <strong>Reclutar cultivadores.<\/strong> El ejecutor y los agentes de campo se ponen en contacto con agricultores y jardineros dedicados que est\u00e9n interesados en mejorar su agricultura conociendo nuevas tecnolog\u00edas, como nuevas variedades de cultivo o reg\u00edmenes de fertilizaci\u00f3n. Invitar a los agricultores a una feria o a un taller informativo es una buena forma de encontrar participantes. Hay que animar a participar tanto a los cultivadores como a las cultivadoras.<\/p>\n<p>4. <strong>Preparar paquetes de prueba.<\/strong> ClimMob calcula una lista aleatoria y f\u00e1cil de seguir de diferentes tr\u00edadas (&#8216;conjuntos de tres&#8217;), para cada proyecto de tricot. Tres opciones tecnol\u00f3gicas (por ejemplo, tres variedades diferentes de jud\u00edas) conforman un paquete de pruebas. Dependiendo del n\u00famero de productores que participen, habr\u00e1 que preparar un n\u00famero acorde de paquetes de ensayo. Los agentes de campo distribuyen los paquetes de prueba a los productores durante un taller inicial. Durante este taller, los cultivadores aprenden sobre el proceso de tricot y pueden hacer preguntas.<\/p>\n<p>5. <strong>Inicio de la prueba en la finca.<\/strong> Cada productor cultiva ahora sus tres opciones tecnol\u00f3gicas en tres peque\u00f1as parcelas de su terreno, tratando por lo dem\u00e1s estas parcelas de prueba exactamente como tratar\u00eda sus parcelas principales. Cada agricultor es responsable de sus propias parcelas. Los cultivadores no conocen los nombres de sus tres opciones tecnol\u00f3gicas (de este modo, no est\u00e1n sesgados), sino que s\u00f3lo los conocen como &#8220;A&#8221;, &#8220;B&#8221; y &#8220;C&#8221;.<\/p>\n<p>6. <strong>Los cultivadores registran las observaciones.<\/strong> Durante el per\u00edodo de cultivo, los cultivadores observan las parcelas de prueba y anotan sus observaciones con bol\u00edgrafo en las tarjetas de observaci\u00f3n. Lo que se debe observar, y cu\u00e1ndo se debe observar, se defini\u00f3 en el paso 2 utilizando el software ClimMob.<\/p>\n<p>7. <strong>Agentes de campo recogen los datos.<\/strong> Una vez que la temporada de cultivo ha terminado, y todas las preguntas en las tarjetas de observaci\u00f3n han sido llenadas, los agentes de campo recogen todos los datos. Esto puede hacerse visitando a los productores y recogiendo sus tarjetas de observaci\u00f3n, o mediante una llamada telef\u00f3nica.<\/p>\n<p>8. <strong>Los datos se compilan y analizan.<\/strong>Los agentes de campo suben todos los datos a ClimMob, utilizando la aplicaci\u00f3n gratuita para tel\u00e9fonos inteligentes Android ODK Collect. Una vez que todos los datos se cargan en ClimMob, ClimMob analizar\u00e1 los datos y preparar\u00e1 autom\u00e1ticamente hojas de resultados &#8211; de los resultados globales de todo el proyecto de tricot, as\u00ed como una hoja de resultados individuales para cada productor que particip\u00f3.<\/p>\n<p>9. <strong>Comunicar los resultados.<\/strong> Los agentes de campo comunican los resultados del proyecto de tricot a los cultivadores. Durante el ensayo, los productores no conoc\u00edan los nombres de sus opciones tecnol\u00f3gicas. En su lugar, cada productor s\u00f3lo conoc\u00eda sus tres opciones tecnol\u00f3gicas como &#8220;A&#8221;, &#8220;B&#8221; y &#8220;C&#8221;, para evitar evaluaciones sesgadas. Durante la retroalimentaci\u00f3n de los resultados, los cultivadores aprenden los nombres de las tres variedades de cultivo o la composici\u00f3n de los reg\u00edmenes de fertilizaci\u00f3n, etc. que probaron. Los cultivadores pueden utilizar esta informaci\u00f3n ahora de forma independiente para mejorar sus pr\u00e1cticas de cultivo.<\/p>\n<p>10. <strong>Proceso de repetici\u00f3n.<\/strong> La obtenci\u00f3n de conocimientos a trav\u00e9s del tricot puede ser un proceso iterativo. M\u00faltiples proyectos de tricot pueden conducir a conjuntos de datos m\u00e1s grandes y m\u00e1s poderosos. Los cultivadores y agentes de campo que participan varias veces requieren incluso menos formaci\u00f3n en a\u00f1os posteriores. El primer proyecto de tricot en l\u00ednea tambi\u00e9n puede informar a los proyectos de tricot posteriores. Por ejemplo, en el primer ciclo podr\u00eda probarse un mayor n\u00famero de variedades de jud\u00edas, en el segundo ciclo las variedades de jud\u00edas probadas pueden reducirse a las m\u00e1s prometedoras.<\/p>\n<p><\/div><div class=\"st-accordion-title\"><span class=\"plus\">+<\/span><span class=\"minus\">-<\/span><a href=\"#caso-de-estudio-honduras\">Caso de estudio: Honduras<\/a><\/div><div class=\"st-accordion-content\"><\/p>\n<h3 class=\"title style-scope ytd-video-primary-info-renderer\">1 &#8211; Mejore su agricultura con tricot: Comparaci\u00f3n tri\u00e1dica de tecnolog\u00edas<\/h3>\n<p><iframe title=\"EPM 1: Mejore sus cultivos con la Evaluaci\u00f3n Participativa Masiva\" width=\"980\" height=\"551\" src=\"https:\/\/www.youtube.com\/embed\/Cx19oK7LmXg?feature=oembed\" frameborder=\"0\" allow=\"accelerometer; autoplay; clipboard-write; encrypted-media; gyroscope; picture-in-picture\" allowfullscreen><\/iframe><\/p>\n<h3>2 &#8211; Realizaci\u00f3n de observaciones en ensayos de tricot<\/h3>\n<p><iframe title=\"EPM 2 - Las observaciones en el ensayo de Evaluaci\u00f3n Participativa Masiva\" width=\"980\" height=\"551\" src=\"https:\/\/www.youtube.com\/embed\/8eb5ngLpY6U?feature=oembed\" frameborder=\"0\" allow=\"accelerometer; autoplay; clipboard-write; encrypted-media; gyroscope; picture-in-picture\" allowfullscreen><\/iframe><\/p>\n<h3>3 &#8211; Los talleres iniciales de un proyecto de tricot<\/h3>\n<p><iframe title=\"EPM 3 - Los talleres iniciales de un proyecto de Evaluaci\u00f3n Participativa Masiva\" width=\"980\" height=\"551\" src=\"https:\/\/www.youtube.com\/embed\/KRTyYiVGuXE?feature=oembed\" frameborder=\"0\" allow=\"accelerometer; autoplay; clipboard-write; encrypted-media; gyroscope; picture-in-picture\" allowfullscreen><\/iframe><\/p>\n<h3>4 &#8211; Con los talleres finales, termina el ciclo de investigaci\u00f3n del tricot<\/h3>\n<p><iframe title=\"EPM 4 - Los talleres finales cierran el ciclo de la Evaluaci\u00f3n Participativa Masiva\" width=\"980\" height=\"551\" src=\"https:\/\/www.youtube.com\/embed\/kkwIH8S2QRk?feature=oembed\" frameborder=\"0\" allow=\"accelerometer; autoplay; clipboard-write; encrypted-media; gyroscope; picture-in-picture\" allowfullscreen><\/iframe><\/p>\n<p><\/div><\/div>\n\n\n\n<a href=\"https:\/\/climmob.net\/blog\/wiki\/es\/category\/tricot_es\/\"><h2 class=\"carpeta\">Acceda a los t\u00e9rminos y definiciones clave<\/h2><\/a>\n","protected":false},"excerpt":{"rendered":"<p>Conozca el enfoque Tricot Lea sobre el proceso de Tricot y como establecer un ensayo Acceda a los t\u00e9rminos y definiciones clave<\/p>\n","protected":false},"author":1,"featured_media":0,"parent":0,"menu_order":0,"comment_status":"closed","ping_status":"closed","template":"","meta":{"footnotes":""},"class_list":["post-747","page","type-page","status-publish","hentry"],"_links":{"self":[{"href":"https:\/\/climmob.net\/blog\/wiki\/wp-json\/wp\/v2\/pages\/747","targetHints":{"allow":["GET"]}}],"collection":[{"href":"https:\/\/climmob.net\/blog\/wiki\/wp-json\/wp\/v2\/pages"}],"about":[{"href":"https:\/\/climmob.net\/blog\/wiki\/wp-json\/wp\/v2\/types\/page"}],"author":[{"embeddable":true,"href":"https:\/\/climmob.net\/blog\/wiki\/wp-json\/wp\/v2\/users\/1"}],"replies":[{"embeddable":true,"href":"https:\/\/climmob.net\/blog\/wiki\/wp-json\/wp\/v2\/comments?post=747"}],"version-history":[{"count":11,"href":"https:\/\/climmob.net\/blog\/wiki\/wp-json\/wp\/v2\/pages\/747\/revisions"}],"predecessor-version":[{"id":1341,"href":"https:\/\/climmob.net\/blog\/wiki\/wp-json\/wp\/v2\/pages\/747\/revisions\/1341"}],"wp:attachment":[{"href":"https:\/\/climmob.net\/blog\/wiki\/wp-json\/wp\/v2\/media?parent=747"}],"curies":[{"name":"wp","href":"https:\/\/api.w.org\/{rel}","templated":true}]}}