{"id":738,"date":"2021-09-28T02:37:58","date_gmt":"2021-09-28T02:37:58","guid":{"rendered":"https:\/\/climmob.net\/blog\/wiki\/?page_id=738"},"modified":"2022-06-13T20:18:45","modified_gmt":"2022-06-13T20:18:45","slug":"climmob","status":"publish","type":"page","link":"https:\/\/climmob.net\/blog\/wiki\/es\/climmob\/","title":{"rendered":"ClimMob"},"content":{"rendered":"\n<h2>Conozca el software ClimMob<\/h2>\n\n\n<div class=\"st-accordion-wrap\"><\/p>\n<p><div class=\"st-accordion-title\"><span class=\"plus\">+<\/span><span class=\"minus\">-<\/span><a href=\"#que-es-climmob\">\u00bfQu\u00e9 es ClimMob?<\/a><\/div><div class=\"st-accordion-content\"><\/p>\n<p>ClimMob es un software libre y una plataforma online para el dise\u00f1o y la gesti\u00f3n de proyectos de pruebas participativas, utilizando el <a href=\"https:\/\/climmob.net\/blog\/wiki\/es\/sobre-tricot\/\">enfoque tricot<\/a>. ClimMob te gu\u00eda a trav\u00e9s de tu propio proyecto tricot. Se encarga de la gesti\u00f3n de los datos y las estad\u00edsticas.<\/p>\n<p>La versi\u00f3n actual de ClimMob es la versi\u00f3n 3. [<a href=\"https:\/\/climmob.net\/climmob3\/\">https:\/\/climmob.net\/climmob3\/<\/a>].<\/p>\n<p>Los datos de Tricot se cargan en ClimMob a trav\u00e9s de la aplicaci\u00f3n Android ODK Collect. Se necesita un dispositivo Android (smartphone o tableta) para utilizar esta aplicaci\u00f3n. [<a href=\"https:\/\/play.google.com\/store\/apps\/details?id=org.odk.collect.android&amp;hl=en\">https:\/\/play.google.com\/store\/apps\/details?id=org.odk.collect.android&amp;hl=en<\/a>].<\/p>\n<p>El an\u00e1lisis de los datos de las clasificaciones tricot en ClimMob se basa en el paquete R personalizado ClimMobTools. Si est\u00e1 familiarizado con R, puede utilizar este paquete para realizar an\u00e1lisis adicionales. [<a href=\"https:\/\/cran.r-project.org\/web\/packages\/ClimMobTools\/index.html\">https:\/\/cran.r-project.org\/web\/packages\/ClimMobTools\/index.html<\/a>]<\/p>\n<p><\/div><div class=\"st-accordion-title\"><span class=\"plus\">+<\/span><span class=\"minus\">-<\/span><a href=\"#por-que-climmob\">\u00bfPor qu\u00e9 ClimMob?<\/a><\/div><div class=\"st-accordion-content\"><\/p>\n<p>Las pruebas participativas son complejas. Implican a muchas personas (ejecutores, agentes de campo y cultivadores), est\u00e1n repartidos por regiones y pa\u00edses, y dan lugar a grandes cantidades de datos. Para facilitar un flujo de trabajo sencillo, ClimMob se ha creado a medida para garantizar que todos los proyectos de tricot sean f\u00e1ciles de gestionar y tengan \u00e9xito. El software ClimMob ayuda en el dise\u00f1o del proyecto, se encarga de calcular todas las combinaciones de paquetes de pruebas necesarias, y recopila, almacena y analiza todos los datos.<\/p>\n<p><\/div><div class=\"st-accordion-title\"><span class=\"plus\">+<\/span><span class=\"minus\">-<\/span><a href=\"#quien-se-beneficia-de-climmob\">\u00bfQui\u00e9n se beneficia de ClimMob?<\/a><\/div><div class=\"st-accordion-content\"><\/p>\n<p>ClimMob hace que el proceso de tricot sea sencillo. Permite a muchas organizaciones implementar un proyecto, de una manera eficiente en recursos y efectiva.<\/p>\n<p>Como <strong>implementador<\/strong> (l\u00edder del proyecto), usted se beneficia de ClimMob porque le gu\u00eda a trav\u00e9s del dise\u00f1o del proyecto y la coordinaci\u00f3n de los agentes de campo y los paquetes de pruebas. Posteriormente, podr\u00e1 analizar f\u00e1cilmente los datos resultantes interpretando un atractivo informe generado autom\u00e1ticamente.<br \/>Como <strong>probador<\/strong> (cultivador u otro), se beneficia porque recibir\u00e1 el resultado de los ensayos poco despu\u00e9s de que se hayan enviado los datos. Esto le permitir\u00e1 conocer los resultados de otros probadores y tomar una decisi\u00f3n informada para adoptar cualquier nueva opci\u00f3n tecnol\u00f3gica que se haya probado.<br \/>Como <strong>agente de campo<\/strong>, usted se beneficia del uso de ClimMob porque facilita el registro de los probadores participantes. Posteriormente, la recopilaci\u00f3n de datos de campo de los probadores se agiliza mediante el uso de la aplicaci\u00f3n para tel\u00e9fonos inteligentes ODK Collect, alimentando los datos de vuelta a ClimMob de una manera r\u00e1pida y sin fallos.<\/p>\n<p><\/div><div class=\"st-accordion-title\"><span class=\"plus\">+<\/span><span class=\"minus\">-<\/span><a href=\"#pasos\">Pasos<\/a><\/div><div class=\"st-accordion-content\"><\/p>\n<p>El software ClimMob permite llevar a cabo un proyecto de tricot de principio a fin. El proceso de utilizaci\u00f3n de ClimMob para dise\u00f1ar, gestionar y analizar un proyecto de tricot puede desglosarse en nueve pasos. A continuaci\u00f3n se ofrece una visi\u00f3n general de estos pasos, y de c\u00f3mo encajan en un proyecto de tricot.<\/p>\n<p>Al principio del proyecto, ClimMob le ayuda a dise\u00f1ar su proyecto tricot<\/p>\n<ol>\n<li style=\"list-style-type: none;\">\n<ol>\n<li>Inciar sesi\u00f3n o registra una cuenta gratis en ClimMob<\/li>\n<li>Crear un proyecto tricot\n<ul>\n<li>Navegar en el men\u00fa principal<\/li>\n<li>Crear un proyecto tricot<\/li>\n<li>Definici\u00f3n del proyecto<\/li>\n<\/ul>\n<\/li>\n<li>Asigar agentes de campo<\/li>\n<li>Seleccionar opciones tecnol\u00f3gicas<\/li>\n<li>Preparar el registro de participantes<\/li>\n<li>Preparar las cartas de observaci\u00f3n<\/li>\n<li>Abrir el registro de cultivadores (+ generar paquetes de prueba)<\/li>\n<\/ol>\n<\/li>\n<\/ol>\n<p>Una vez que haya definido su proyecto, ClimMob calcular\u00e1 una lista aleatoria de diferentes combinaciones de sus opciones tecnol\u00f3gicas. Por ejemplo, si usted defini\u00f3 que 300 productores participar\u00e1n en la prueba de nuevas variedades de frijol, ClimMob calcular\u00e1 300 paquetes de prueba. Cada uno de los 300 paquetes tendr\u00e1 un subconjunto aleatorio de tres variedades de jud\u00edas cada uno. Siguiendo esta lista, el ejecutor tiene que preparar ahora los paquetes de prueba que se entregar\u00e1n a los cultivadores participantes. Las pruebas en las explotaciones est\u00e1n listas para empezar.<\/p>\n<p>Una vez que la temporada de cultivo ha terminado, y los cultivadores han terminado de recoger todas sus observaciones:<\/p>\n<p style=\"padding-left: 30px;\">8. Recoge los datos con la <a href=\"https:\/\/play.google.com\/store\/apps\/details?id=org.odk.collect.android&amp;hl=en_US\">aplicaci\u00f3n Collect del ODC<\/a>.<br \/>9. Analizar los datos<\/p>\n<p>Consulte el <a href=\"https:\/\/climmob.net\/blog\/wiki\/es\/manual-del-software\/\">Manual de ClimMob<\/a>, para obtener una gu\u00eda pr\u00e1ctica sobre c\u00f3mo hacer clic en cada paso.<\/p>\n<p><\/div><\/div>\n\n\n\n<a href=\"https:\/\/climmob.net\/blog\/wiki\/es\/category\/glossary-es\/\"><h2 class=\"carpeta\">Access key terms and definitions<\/h2><\/a>\n\n<a href=\"https:\/\/climmob.net\/blog\/wiki\/es\/category\/manual-es\/\"><h2 class=\"carpeta\">Aprende como dise\u00f1ar un proyecto en ClimMob<\/h2><\/a>\n","protected":false},"excerpt":{"rendered":"<p>Conozca el software ClimMob Access key terms and definitions Aprende como dise\u00f1ar un proyecto en ClimMob<\/p>\n","protected":false},"author":1,"featured_media":0,"parent":0,"menu_order":0,"comment_status":"closed","ping_status":"closed","template":"","meta":{"footnotes":""},"class_list":["post-738","page","type-page","status-publish","hentry"],"_links":{"self":[{"href":"https:\/\/climmob.net\/blog\/wiki\/wp-json\/wp\/v2\/pages\/738","targetHints":{"allow":["GET"]}}],"collection":[{"href":"https:\/\/climmob.net\/blog\/wiki\/wp-json\/wp\/v2\/pages"}],"about":[{"href":"https:\/\/climmob.net\/blog\/wiki\/wp-json\/wp\/v2\/types\/page"}],"author":[{"embeddable":true,"href":"https:\/\/climmob.net\/blog\/wiki\/wp-json\/wp\/v2\/users\/1"}],"replies":[{"embeddable":true,"href":"https:\/\/climmob.net\/blog\/wiki\/wp-json\/wp\/v2\/comments?post=738"}],"version-history":[{"count":7,"href":"https:\/\/climmob.net\/blog\/wiki\/wp-json\/wp\/v2\/pages\/738\/revisions"}],"predecessor-version":[{"id":1331,"href":"https:\/\/climmob.net\/blog\/wiki\/wp-json\/wp\/v2\/pages\/738\/revisions\/1331"}],"wp:attachment":[{"href":"https:\/\/climmob.net\/blog\/wiki\/wp-json\/wp\/v2\/media?parent=738"}],"curies":[{"name":"wp","href":"https:\/\/api.w.org\/{rel}","templated":true}]}}