{"id":734,"date":"2021-09-28T02:33:05","date_gmt":"2021-09-28T02:33:05","guid":{"rendered":"https:\/\/climmob.net\/blog\/wiki\/?page_id=734"},"modified":"2022-06-13T22:08:52","modified_gmt":"2022-06-13T22:08:52","slug":"inicio","status":"publish","type":"page","link":"https:\/\/climmob.net\/blog\/wiki\/es\/inicio\/","title":{"rendered":"Inicio"},"content":{"rendered":"<h3>Leer m\u00e1s sobre la <a href=\"https:\/\/climmob.net\/blog\/wiki\/es\/sobre-tricot\/\">metodolog\u00eda tricot<\/a><\/h3>\n<h3>Leer m\u00e1s sobre el <a href=\"https:\/\/climmob.net\/blog\/wiki\/es\/climmob\/\">software ClimMob<\/a><\/h3>\n<h3>Acceder al <a href=\"https:\/\/climmob.net\/blog\/wiki\/es\/sobre-tricot\/\">material de apoyo<\/a><\/h3>\n<h3><a href=\"https:\/\/climmob.net\/blog\/wiki\/es\/?post_type=st_faq\">FAQs<\/a><\/h3>\n\n\n<p><\/p>\n","protected":false},"excerpt":{"rendered":"<p>Leer m\u00e1s sobre la metodolog\u00eda tricot Leer m\u00e1s sobre el software ClimMob Acceder al material de apoyo FAQs<\/p>\n","protected":false},"author":1,"featured_media":0,"parent":0,"menu_order":0,"comment_status":"closed","ping_status":"closed","template":"","meta":{"footnotes":""},"class_list":["post-734","page","type-page","status-publish","hentry"],"_links":{"self":[{"href":"https:\/\/climmob.net\/blog\/wiki\/wp-json\/wp\/v2\/pages\/734","targetHints":{"allow":["GET"]}}],"collection":[{"href":"https:\/\/climmob.net\/blog\/wiki\/wp-json\/wp\/v2\/pages"}],"about":[{"href":"https:\/\/climmob.net\/blog\/wiki\/wp-json\/wp\/v2\/types\/page"}],"author":[{"embeddable":true,"href":"https:\/\/climmob.net\/blog\/wiki\/wp-json\/wp\/v2\/users\/1"}],"replies":[{"embeddable":true,"href":"https:\/\/climmob.net\/blog\/wiki\/wp-json\/wp\/v2\/comments?post=734"}],"version-history":[{"count":6,"href":"https:\/\/climmob.net\/blog\/wiki\/wp-json\/wp\/v2\/pages\/734\/revisions"}],"predecessor-version":[{"id":1365,"href":"https:\/\/climmob.net\/blog\/wiki\/wp-json\/wp\/v2\/pages\/734\/revisions\/1365"}],"wp:attachment":[{"href":"https:\/\/climmob.net\/blog\/wiki\/wp-json\/wp\/v2\/media?parent=734"}],"curies":[{"name":"wp","href":"https:\/\/api.w.org\/{rel}","templated":true}]}}