{"id":728,"date":"2021-09-28T02:27:49","date_gmt":"2021-09-28T02:27:49","guid":{"rendered":"https:\/\/climmob.net\/blog\/wiki\/?page_id=728"},"modified":"2021-09-28T02:27:49","modified_gmt":"2021-09-28T02:27:49","slug":"videos-2","status":"publish","type":"page","link":"https:\/\/climmob.net\/blog\/wiki\/es\/videos-2\/","title":{"rendered":"Videos"},"content":{"rendered":"<h1>La metodolog\u00eda de ciencia ciudadana tricot: Cuatro v\u00eddeos cortos de Honduras<\/h1>\n<h3 class=\"title style-scope ytd-video-primary-info-renderer\">1 &#8211; Mejore su agricultura con tricot: Comparaci\u00f3n tri\u00e1dica de tecnolog\u00edas<\/h3>\n<p><iframe width=\"980\" height=\"551\" src=\"https:\/\/www.youtube.com\/embed\/Cx19oK7LmXg?feature=oembed\" frameborder=\"0\" allow=\"accelerometer; autoplay; clipboard-write; encrypted-media; gyroscope; picture-in-picture\" allowfullscreen><\/iframe><\/p>\n<h3>2 &#8211; Realizaci\u00f3n de observaciones en ensayos de tricot<\/h3>\n<p><iframe width=\"980\" height=\"551\" src=\"https:\/\/www.youtube.com\/embed\/8eb5ngLpY6U?feature=oembed\" frameborder=\"0\" allow=\"accelerometer; autoplay; clipboard-write; encrypted-media; gyroscope; picture-in-picture\" allowfullscreen><\/iframe><\/p>\n<h3>3 &#8211; Los talleres iniciales de un proyecto de tricot<\/h3>\n<p><iframe width=\"980\" height=\"551\" src=\"https:\/\/www.youtube.com\/embed\/KRTyYiVGuXE?feature=oembed\" frameborder=\"0\" allow=\"accelerometer; autoplay; clipboard-write; encrypted-media; gyroscope; picture-in-picture\" allowfullscreen><\/iframe><\/p>\n<h3>4 &#8211; Con los talleres finales, termina el ciclo de investigaci\u00f3n del tricot<\/h3>\n<p><iframe width=\"980\" height=\"551\" src=\"https:\/\/www.youtube.com\/embed\/kkwIH8S2QRk?feature=oembed\" frameborder=\"0\" allow=\"accelerometer; autoplay; clipboard-write; encrypted-media; gyroscope; picture-in-picture\" allowfullscreen><\/iframe><\/p>\n","protected":false},"excerpt":{"rendered":"<p>La metodolog\u00eda de ciencia ciudadana tricot: Cuatro v\u00eddeos cortos de Honduras 1 &#8211; Mejore su agricultura con tricot: Comparaci\u00f3n tri\u00e1dica de tecnolog\u00edas 2 &#8211; Realizaci\u00f3n de observaciones en ensayos de tricot 3 &#8211; Los talleres iniciales de un proyecto de tricot 4 &#8211; Con los talleres finales, termina el ciclo de investigaci\u00f3n del tricot<\/p>\n","protected":false},"author":1,"featured_media":0,"parent":0,"menu_order":0,"comment_status":"closed","ping_status":"closed","template":"","meta":{"footnotes":""},"class_list":["post-728","page","type-page","status-publish","hentry"],"_links":{"self":[{"href":"https:\/\/climmob.net\/blog\/wiki\/wp-json\/wp\/v2\/pages\/728","targetHints":{"allow":["GET"]}}],"collection":[{"href":"https:\/\/climmob.net\/blog\/wiki\/wp-json\/wp\/v2\/pages"}],"about":[{"href":"https:\/\/climmob.net\/blog\/wiki\/wp-json\/wp\/v2\/types\/page"}],"author":[{"embeddable":true,"href":"https:\/\/climmob.net\/blog\/wiki\/wp-json\/wp\/v2\/users\/1"}],"replies":[{"embeddable":true,"href":"https:\/\/climmob.net\/blog\/wiki\/wp-json\/wp\/v2\/comments?post=728"}],"version-history":[{"count":2,"href":"https:\/\/climmob.net\/blog\/wiki\/wp-json\/wp\/v2\/pages\/728\/revisions"}],"predecessor-version":[{"id":730,"href":"https:\/\/climmob.net\/blog\/wiki\/wp-json\/wp\/v2\/pages\/728\/revisions\/730"}],"wp:attachment":[{"href":"https:\/\/climmob.net\/blog\/wiki\/wp-json\/wp\/v2\/media?parent=728"}],"curies":[{"name":"wp","href":"https:\/\/api.w.org\/{rel}","templated":true}]}}